                                                                                                                                                                                                                                                                                                                                                                                                                                                                                                                                                                                                                                                                                                                                                                                                                                                        {"id":18,"date":"2021-03-16T21:54:44","date_gmt":"2021-03-16T21:54:44","guid":{"rendered":"https:\/\/www.tacticalsolution.eu\/?page_id=18"},"modified":"2024-08-30T10:17:57","modified_gmt":"2024-08-30T10:17:57","slug":"kontakt","status":"publish","type":"page","link":"https:\/\/www.tacticalsolution.eu\/cs\/kontakt\/","title":{"rendered":"Kontakt"},"content":{"rendered":"<p><div class=\"fusion-fullwidth fullwidth-box fusion-builder-row-1 fusion-flex-container nonhundred-percent-fullwidth non-hundred-percent-height-scrolling\" style=\"--awb-background-position:left top;--awb-border-radius-top-left:0px;--awb-border-radius-top-right:0px;--awb-border-radius-bottom-right:0px;--awb-border-radius-bottom-left:0px;--awb-padding-top:0px;--awb-padding-right:0px;--awb-padding-bottom:0px;--awb-padding-left:0px;--awb-flex-wrap:wrap;\" ><div class=\"fusion-builder-row fusion-row fusion-flex-align-items-flex-start fusion-flex-content-wrap\" style=\"max-width:1248px;margin-left: calc(-4% \/ 2 );margin-right: calc(-4% \/ 2 );\"><div class=\"fusion-layout-column fusion_builder_column fusion-builder-column-0 fusion_builder_column_1_1 1_1 fusion-flex-column\" style=\"--awb-padding-right:20px;--awb-padding-bottom:70px;--awb-padding-left:20px;--awb-bg-color:#000000;--awb-bg-color-hover:#000000;--awb-bg-image:url(&#039;https:\/\/www.tacticalsolution.eu\/wp-content\/uploads\/2021\/03\/WebTS-Sluzby-Pozadicko.jpg&#039;);--awb-bg-position:left center;--awb-bg-size:cover;--awb-width-large:100%;--awb-margin-top-large:0px;--awb-spacing-right-large:1.92%;--awb-margin-bottom-large:0px;--awb-spacing-left-large:1.92%;--awb-width-medium:100%;--awb-order-medium:0;--awb-spacing-right-medium:1.92%;--awb-spacing-left-medium:1.92%;--awb-width-small:100%;--awb-order-small:0;--awb-spacing-right-small:1.92%;--awb-spacing-left-small:1.92%;\" data-scroll-devices=\"small-visibility,medium-visibility,large-visibility\"><div class=\"fusion-column-wrapper fusion-column-has-shadow fusion-flex-justify-content-flex-start fusion-content-layout-column fusion-column-has-bg-image\" data-bg-url=\"https:\/\/www.tacticalsolution.eu\/wp-content\/uploads\/2021\/03\/WebTS-Sluzby-Pozadicko.jpg\"><div class=\"fusion-builder-row fusion-builder-row-inner fusion-row fusion-flex-align-items-flex-start fusion-flex-content-wrap\" style=\"width:104% !important;max-width:104% !important;margin-left: calc(-4% \/ 2 );margin-right: calc(-4% \/ 2 );\"><div class=\"fusion-layout-column fusion_builder_column_inner fusion-builder-nested-column-0 fusion_builder_column_inner_1_1 1_1 fusion-flex-column\" style=\"--awb-padding-top:200px;--awb-padding-right:120px;--awb-padding-bottom:70px;--awb-padding-left:120px;--awb-padding-top-medium:70px;--awb-padding-right-medium:100px;--awb-padding-bottom-medium:50px;--awb-padding-left-medium:100px;--awb-padding-top-small:60px;--awb-padding-right-small:30px;--awb-padding-bottom-small:40px;--awb-padding-left-small:30px;--awb-bg-size:cover;--awb-width-large:100%;--awb-margin-top-large:0px;--awb-spacing-right-large:0px;--awb-margin-bottom-large:0px;--awb-spacing-left-large:0px;--awb-width-medium:100%;--awb-order-medium:0;--awb-margin-top-medium:0px;--awb-spacing-right-medium:0px;--awb-margin-bottom-medium:0px;--awb-spacing-left-medium:0px;--awb-width-small:100%;--awb-order-small:0;--awb-margin-top-small:0px;--awb-spacing-right-small:0px;--awb-margin-bottom-small:0px;--awb-spacing-left-small:0px;\"><div class=\"fusion-column-wrapper fusion-column-has-shadow fusion-flex-justify-content-flex-start fusion-content-layout-column\"><div class=\"fusion-text fusion-text-1\"><h2 style=\"text-align: center;\">Kontakt<\/h2>\n<\/div><\/div><\/div><\/div><div class=\"fusion-image-element \" style=\"text-align:center;--awb-margin-top:0px;--awb-margin-right:0px;--awb-margin-bottom:50px;--awb-margin-left:0px;--awb-caption-title-font-family:var(--h2_typography-font-family);--awb-caption-title-font-weight:var(--h2_typography-font-weight);--awb-caption-title-font-style:var(--h2_typography-font-style);--awb-caption-title-size:var(--h2_typography-font-size);--awb-caption-title-transform:var(--h2_typography-text-transform);--awb-caption-title-line-height:var(--h2_typography-line-height);--awb-caption-title-letter-spacing:var(--h2_typography-letter-spacing);\"><span class=\" fusion-imageframe imageframe-none imageframe-1 hover-type-none\"><img decoding=\"async\" width=\"202\" height=\"4\" src=\"https:\/\/www.tacticalsolution.eu\/wp-content\/uploads\/2021\/03\/WebTS-Sluzby-ZLUTA.jpg\" alt class=\"img-responsive wp-image-2143\" srcset=\"https:\/\/www.tacticalsolution.eu\/wp-content\/uploads\/2021\/03\/WebTS-Sluzby-ZLUTA-200x4.jpg 200w, https:\/\/www.tacticalsolution.eu\/wp-content\/uploads\/2021\/03\/WebTS-Sluzby-ZLUTA.jpg 202w\" sizes=\"(max-width: 1000px) 100vw, (max-width: 640px) 100vw, 202px\" \/><\/span><\/div><div class=\"fusion-text fusion-text-2\" style=\"--awb-font-size:21px;--awb-line-height:35px;--awb-text-color:#c4c4c4;\"><p style=\"text-align: center;\">info@tacticalsolution.eu<br \/>\ntelefon: +420 608 316 009<\/p>\n<p style=\"text-align: center;\">Licence:<\/p>\n<p style=\"text-align: center; font-size: 15px;\">Povolen\u00ed k prov\u00e1d\u011bn\u00ed zahrani\u010dn\u00edho obchodu s vojensk\u00fdm materi\u00e1lem:<br \/>\n<strong>R220420614<\/strong><\/p>\n<p style=\"text-align: center; font-size: 15px;\">Zbrojn\u00ed licence:<br \/>\n<strong>CG003041<\/strong><\/p>\n<\/div><div class=\"fusion-image-element \" style=\"text-align:center;--awb-margin-top:30px;--awb-margin-right:0px;--awb-margin-bottom:0px;--awb-margin-left:0px;--awb-caption-title-font-family:var(--h2_typography-font-family);--awb-caption-title-font-weight:var(--h2_typography-font-weight);--awb-caption-title-font-style:var(--h2_typography-font-style);--awb-caption-title-size:var(--h2_typography-font-size);--awb-caption-title-transform:var(--h2_typography-text-transform);--awb-caption-title-line-height:var(--h2_typography-line-height);--awb-caption-title-letter-spacing:var(--h2_typography-letter-spacing);\"><span class=\" fusion-imageframe imageframe-none imageframe-2 hover-type-none\"><img decoding=\"async\" width=\"202\" height=\"4\" src=\"https:\/\/www.tacticalsolution.eu\/wp-content\/uploads\/2021\/03\/WebTS-Sluzby-ZLUTA.jpg\" alt class=\"img-responsive wp-image-2143\" srcset=\"https:\/\/www.tacticalsolution.eu\/wp-content\/uploads\/2021\/03\/WebTS-Sluzby-ZLUTA-200x4.jpg 200w, https:\/\/www.tacticalsolution.eu\/wp-content\/uploads\/2021\/03\/WebTS-Sluzby-ZLUTA.jpg 202w\" sizes=\"(max-width: 1000px) 100vw, (max-width: 640px) 100vw, 202px\" \/><\/span><\/div><\/div><\/div><\/div><\/div><div class=\"fusion-fullwidth fullwidth-box fusion-builder-row-2 fusion-flex-container nonhundred-percent-fullwidth non-hundred-percent-height-scrolling\" style=\"--awb-background-position:left top;--awb-border-radius-top-left:0px;--awb-border-radius-top-right:0px;--awb-border-radius-bottom-right:0px;--awb-border-radius-bottom-left:0px;--awb-padding-top:0px;--awb-padding-right:0px;--awb-padding-bottom:0px;--awb-padding-left:0px;--awb-margin-top:0px;--awb-margin-bottom:0px;--awb-background-color:rgba(255,255,255,0);--awb-flex-wrap:wrap;\" ><div class=\"fusion-builder-row fusion-row fusion-flex-align-items-flex-start fusion-flex-content-wrap\" style=\"max-width:1248px;margin-left: calc(-4% \/ 2 );margin-right: calc(-4% \/ 2 );\"><div class=\"fusion-layout-column fusion_builder_column fusion-builder-column-1 fusion_builder_column_1_1 1_1 fusion-flex-column\" style=\"--awb-padding-bottom:30px;--awb-bg-color:#000000;--awb-bg-color-hover:#000000;--awb-bg-size:cover;--awb-width-large:100%;--awb-margin-top-large:0px;--awb-spacing-right-large:1.92%;--awb-margin-bottom-large:0px;--awb-spacing-left-large:1.92%;--awb-width-medium:100%;--awb-order-medium:0;--awb-spacing-right-medium:1.92%;--awb-spacing-left-medium:1.92%;--awb-width-small:100%;--awb-order-small:0;--awb-spacing-right-small:1.92%;--awb-spacing-left-small:1.92%;\"><div class=\"fusion-column-wrapper fusion-column-has-shadow fusion-flex-justify-content-flex-start fusion-content-layout-column\"><div class=\"fusion-image-element \" style=\"text-align:center;--awb-margin-top:60px;--awb-margin-bottom:35px;--awb-max-width:30px;--awb-caption-title-font-family:var(--h2_typography-font-family);--awb-caption-title-font-weight:var(--h2_typography-font-weight);--awb-caption-title-font-style:var(--h2_typography-font-style);--awb-caption-title-size:var(--h2_typography-font-size);--awb-caption-title-transform:var(--h2_typography-text-transform);--awb-caption-title-line-height:var(--h2_typography-line-height);--awb-caption-title-letter-spacing:var(--h2_typography-letter-spacing);--awb-filter:opacity(30%);--awb-filter-transition:filter 0.3s ease;--awb-filter-hover:opacity(40%);\"><span class=\" fusion-imageframe imageframe-none imageframe-3 hover-type-none\"><img decoding=\"async\" width=\"150\" height=\"150\" title=\"Tactical Solution\" src=\"https:\/\/www.tacticalsolution.eu\/wp-content\/uploads\/2021\/03\/Logo-bila-150.png\" alt class=\"img-responsive wp-image-2095\" srcset=\"https:\/\/www.tacticalsolution.eu\/wp-content\/uploads\/2021\/03\/Logo-bila-150-66x66.png 66w, https:\/\/www.tacticalsolution.eu\/wp-content\/uploads\/2021\/03\/Logo-bila-150.png 150w\" sizes=\"(max-width: 150px) 100vw, 150px\" \/><\/span><\/div><div class=\"fusion-text fusion-text-3\"><p style=\"text-align: center; font-size: 12px;\"><a href=\"mailto:info@tacticalsolution.eu\">info@tacticalsolution.eu<\/a> \u2014 telefon: <a href=\"tel:+420608316009\">+420 608 316 009<\/a><\/p>\n<\/div><div class=\"fusion-text fusion-text-4\"><p style=\"text-align: center; font-size: 12px;\">2024 \u00a9 Tactical Solution<\/p>\n<\/div><\/div><\/div><\/div><\/div><\/p>\n","protected":false},"excerpt":{"rendered":"","protected":false},"author":1,"featured_media":0,"parent":0,"menu_order":0,"comment_status":"closed","ping_status":"open","template":"100-width.php","meta":{"footnotes":""},"class_list":["post-18","page","type-page","status-publish","hentry"],"yoast_head":"<!-- This site is optimized with the Yoast SEO plugin v25.6 - https:\/\/yoast.com\/wordpress\/plugins\/seo\/ -->\n<title>TACTICAL SOLUTION - V\u00e1\u0161 soukrom\u00fd t\u00fdm specialist\u016f<\/title>\n<meta name=\"description\" content=\"Jsme t\u00fdm p\u0159ev\u00e1\u017en\u011b ex-operativc\u016f speci\u00e1ln\u00edch sil, kte\u0159\u00ed jsou pro v\u00e1s p\u0159ipraveni plnit \u00fakoly vysok\u00e9 citlivosti a n\u00e1ro\u010dnosti.\" \/>\n<meta name=\"robots\" content=\"index, follow, max-snippet:-1, max-image-preview:large, max-video-preview:-1\" \/>\n<link rel=\"canonical\" href=\"https:\/\/www.tacticalsolution.eu\/cs\/kontakt\/\" \/>\n<meta property=\"og:locale\" content=\"cs_CZ\" \/>\n<meta property=\"og:locale:alternate\" content=\"en_US\" \/>\n<meta property=\"og:type\" content=\"article\" \/>\n<meta property=\"og:title\" content=\"TACTICAL SOLUTION - V\u00e1\u0161 soukrom\u00fd t\u00fdm specialist\u016f\" \/>\n<meta property=\"og:description\" content=\"Jsme t\u00fdm p\u0159ev\u00e1\u017en\u011b ex-operativc\u016f speci\u00e1ln\u00edch sil, kte\u0159\u00ed jsou pro v\u00e1s p\u0159ipraveni plnit \u00fakoly vysok\u00e9 citlivosti a n\u00e1ro\u010dnosti.\" \/>\n<meta property=\"og:url\" content=\"https:\/\/www.tacticalsolution.eu\/cs\/kontakt\/\" \/>\n<meta property=\"og:site_name\" content=\"TACTICAL SOLUTION\" \/>\n<meta property=\"article:modified_time\" content=\"2024-08-30T10:17:57+00:00\" \/>\n<meta name=\"twitter:card\" content=\"summary_large_image\" \/>\n<meta name=\"twitter:label1\" content=\"Odhadovan\u00e1 doba \u010dten\u00ed\" \/>\n\t<meta name=\"twitter:data1\" content=\"1 minuta\" \/>\n<script type=\"application\/ld+json\" class=\"yoast-schema-graph\">{\"@context\":\"https:\/\/schema.org\",\"@graph\":[{\"@type\":\"WebPage\",\"@id\":\"https:\/\/www.tacticalsolution.eu\/en\/kontakt\/\",\"url\":\"https:\/\/www.tacticalsolution.eu\/en\/kontakt\/\",\"name\":\"TACTICAL SOLUTION - V\u00e1\u0161 soukrom\u00fd t\u00fdm specialist\u016f\",\"isPartOf\":{\"@id\":\"https:\/\/www.tacticalsolution.eu\/cs\/#website\"},\"datePublished\":\"2021-03-16T21:54:44+00:00\",\"dateModified\":\"2024-08-30T10:17:57+00:00\",\"description\":\"Jsme t\u00fdm p\u0159ev\u00e1\u017en\u011b ex-operativc\u016f speci\u00e1ln\u00edch sil, kte\u0159\u00ed jsou pro v\u00e1s p\u0159ipraveni plnit \u00fakoly vysok\u00e9 citlivosti a n\u00e1ro\u010dnosti.\",\"breadcrumb\":{\"@id\":\"https:\/\/www.tacticalsolution.eu\/en\/kontakt\/#breadcrumb\"},\"inLanguage\":\"cs-CZ\",\"potentialAction\":[{\"@type\":\"ReadAction\",\"target\":[\"https:\/\/www.tacticalsolution.eu\/en\/kontakt\/\"]}]},{\"@type\":\"BreadcrumbList\",\"@id\":\"https:\/\/www.tacticalsolution.eu\/en\/kontakt\/#breadcrumb\",\"itemListElement\":[{\"@type\":\"ListItem\",\"position\":1,\"name\":\"Dom\u016f\",\"item\":\"https:\/\/www.tacticalsolution.eu\/en\/\"},{\"@type\":\"ListItem\",\"position\":2,\"name\":\"Contact\"}]},{\"@type\":\"WebSite\",\"@id\":\"https:\/\/www.tacticalsolution.eu\/cs\/#website\",\"url\":\"https:\/\/www.tacticalsolution.eu\/cs\/\",\"name\":\"TACTICAL SOLUTION\",\"description\":\"V\u00e1\u0161 soukrom\u00fd t\u00fdm specialist\u016f\",\"publisher\":{\"@id\":\"https:\/\/www.tacticalsolution.eu\/cs\/#organization\"},\"potentialAction\":[{\"@type\":\"SearchAction\",\"target\":{\"@type\":\"EntryPoint\",\"urlTemplate\":\"https:\/\/www.tacticalsolution.eu\/cs\/?s={search_term_string}\"},\"query-input\":{\"@type\":\"PropertyValueSpecification\",\"valueRequired\":true,\"valueName\":\"search_term_string\"}}],\"inLanguage\":\"cs-CZ\"},{\"@type\":\"Organization\",\"@id\":\"https:\/\/www.tacticalsolution.eu\/cs\/#organization\",\"name\":\"Tactical Solution\",\"url\":\"https:\/\/www.tacticalsolution.eu\/cs\/\",\"logo\":{\"@type\":\"ImageObject\",\"inLanguage\":\"cs-CZ\",\"@id\":\"https:\/\/www.tacticalsolution.eu\/cs\/#\/schema\/logo\/image\/\",\"url\":\"https:\/\/www.tacticalsolution.eu\/wp-content\/uploads\/2021\/03\/Logo-faicon-17.png\",\"contentUrl\":\"https:\/\/www.tacticalsolution.eu\/wp-content\/uploads\/2021\/03\/Logo-faicon-17.png\",\"width\":512,\"height\":512,\"caption\":\"Tactical Solution\"},\"image\":{\"@id\":\"https:\/\/www.tacticalsolution.eu\/cs\/#\/schema\/logo\/image\/\"}}]}<\/script>\n<!-- \/ Yoast SEO plugin. -->","yoast_head_json":{"title":"TACTICAL SOLUTION - V\u00e1\u0161 soukrom\u00fd t\u00fdm specialist\u016f","description":"Jsme t\u00fdm p\u0159ev\u00e1\u017en\u011b ex-operativc\u016f speci\u00e1ln\u00edch sil, kte\u0159\u00ed jsou pro v\u00e1s p\u0159ipraveni plnit \u00fakoly vysok\u00e9 citlivosti a n\u00e1ro\u010dnosti.","robots":{"index":"index","follow":"follow","max-snippet":"max-snippet:-1","max-image-preview":"max-image-preview:large","max-video-preview":"max-video-preview:-1"},"canonical":"https:\/\/www.tacticalsolution.eu\/cs\/kontakt\/","og_locale":"cs_CZ","og_type":"article","og_title":"[:cs]TACTICAL SOLUTION - V\u00e1\u0161 soukrom\u00fd t\u00fdm specialist\u016f[:]","og_description":"Jsme t\u00fdm p\u0159ev\u00e1\u017en\u011b ex-operativc\u016f speci\u00e1ln\u00edch sil, kte\u0159\u00ed jsou pro v\u00e1s p\u0159ipraveni plnit \u00fakoly vysok\u00e9 citlivosti a n\u00e1ro\u010dnosti.","og_url":"https:\/\/www.tacticalsolution.eu\/cs\/kontakt\/","og_site_name":"TACTICAL SOLUTION","article_modified_time":"2024-08-30T10:17:57+00:00","twitter_card":"summary_large_image","twitter_misc":{"Odhadovan\u00e1 doba \u010dten\u00ed":"1 minuta"},"schema":{"@context":"https:\/\/schema.org","@graph":[{"@type":"WebPage","@id":"https:\/\/www.tacticalsolution.eu\/en\/kontakt\/","url":"https:\/\/www.tacticalsolution.eu\/en\/kontakt\/","name":"TACTICAL SOLUTION - V\u00e1\u0161 soukrom\u00fd t\u00fdm specialist\u016f","isPartOf":{"@id":"https:\/\/www.tacticalsolution.eu\/cs\/#website"},"datePublished":"2021-03-16T21:54:44+00:00","dateModified":"2024-08-30T10:17:57+00:00","description":"Jsme t\u00fdm p\u0159ev\u00e1\u017en\u011b ex-operativc\u016f speci\u00e1ln\u00edch sil, kte\u0159\u00ed jsou pro v\u00e1s p\u0159ipraveni plnit \u00fakoly vysok\u00e9 citlivosti a n\u00e1ro\u010dnosti.","breadcrumb":{"@id":"https:\/\/www.tacticalsolution.eu\/en\/kontakt\/#breadcrumb"},"inLanguage":"cs-CZ","potentialAction":[{"@type":"ReadAction","target":["https:\/\/www.tacticalsolution.eu\/en\/kontakt\/"]}]},{"@type":"BreadcrumbList","@id":"https:\/\/www.tacticalsolution.eu\/en\/kontakt\/#breadcrumb","itemListElement":[{"@type":"ListItem","position":1,"name":"Dom\u016f","item":"https:\/\/www.tacticalsolution.eu\/en\/"},{"@type":"ListItem","position":2,"name":"Contact"}]},{"@type":"WebSite","@id":"https:\/\/www.tacticalsolution.eu\/cs\/#website","url":"https:\/\/www.tacticalsolution.eu\/cs\/","name":"TACTICAL SOLUTION","description":"V\u00e1\u0161 soukrom\u00fd t\u00fdm specialist\u016f","publisher":{"@id":"https:\/\/www.tacticalsolution.eu\/cs\/#organization"},"potentialAction":[{"@type":"SearchAction","target":{"@type":"EntryPoint","urlTemplate":"https:\/\/www.tacticalsolution.eu\/cs\/?s={search_term_string}"},"query-input":{"@type":"PropertyValueSpecification","valueRequired":true,"valueName":"search_term_string"}}],"inLanguage":"cs-CZ"},{"@type":"Organization","@id":"https:\/\/www.tacticalsolution.eu\/cs\/#organization","name":"Tactical Solution","url":"https:\/\/www.tacticalsolution.eu\/cs\/","logo":{"@type":"ImageObject","inLanguage":"cs-CZ","@id":"https:\/\/www.tacticalsolution.eu\/cs\/#\/schema\/logo\/image\/","url":"https:\/\/www.tacticalsolution.eu\/wp-content\/uploads\/2021\/03\/Logo-faicon-17.png","contentUrl":"https:\/\/www.tacticalsolution.eu\/wp-content\/uploads\/2021\/03\/Logo-faicon-17.png","width":512,"height":512,"caption":"Tactical Solution"},"image":{"@id":"https:\/\/www.tacticalsolution.eu\/cs\/#\/schema\/logo\/image\/"}}]}},"_links":{"self":[{"href":"https:\/\/www.tacticalsolution.eu\/cs\/wp-json\/wp\/v2\/pages\/18"}],"collection":[{"href":"https:\/\/www.tacticalsolution.eu\/cs\/wp-json\/wp\/v2\/pages"}],"about":[{"href":"https:\/\/www.tacticalsolution.eu\/cs\/wp-json\/wp\/v2\/types\/page"}],"author":[{"embeddable":true,"href":"https:\/\/www.tacticalsolution.eu\/cs\/wp-json\/wp\/v2\/users\/1"}],"replies":[{"embeddable":true,"href":"https:\/\/www.tacticalsolution.eu\/cs\/wp-json\/wp\/v2\/comments?post=18"}],"version-history":[{"count":42,"href":"https:\/\/www.tacticalsolution.eu\/cs\/wp-json\/wp\/v2\/pages\/18\/revisions"}],"predecessor-version":[{"id":2417,"href":"https:\/\/www.tacticalsolution.eu\/cs\/wp-json\/wp\/v2\/pages\/18\/revisions\/2417"}],"wp:attachment":[{"href":"https:\/\/www.tacticalsolution.eu\/cs\/wp-json\/wp\/v2\/media?parent=18"}],"curies":[{"name":"wp","href":"https:\/\/api.w.org\/{rel}","templated":true}]}}