                                                                                                                                                                                                                                                                                                                                                                                                                                                                                                                                                                                                                                                                                                                                                                                                                                                        {"id":2256,"date":"2021-03-19T14:06:25","date_gmt":"2021-03-19T14:06:25","guid":{"rendered":"https:\/\/www.tacticalsolution.eu\/cs\/?page_id=2256"},"modified":"2023-03-01T14:59:36","modified_gmt":"2023-03-01T14:59:36","slug":"vas-soukromy-tym-specialistu","status":"publish","type":"page","link":"https:\/\/www.tacticalsolution.eu\/cs\/","title":{"rendered":"Uvod"},"content":{"rendered":"<div class=\"fusion-fullwidth fullwidth-box fusion-builder-row-1 fusion-flex-container nonhundred-percent-fullwidth non-hundred-percent-height-scrolling\" style=\"--awb-border-radius-top-left:0px;--awb-border-radius-top-right:0px;--awb-border-radius-bottom-right:0px;--awb-border-radius-bottom-left:0px;--awb-padding-right:20px;--awb-padding-left:20px;--awb-flex-wrap:wrap;\" ><div class=\"fusion-builder-row fusion-row fusion-flex-align-items-flex-start fusion-flex-content-wrap\" style=\"max-width:1248px;margin-left: calc(-4% \/ 2 );margin-right: calc(-4% \/ 2 );\"><div class=\"fusion-layout-column fusion_builder_column fusion-builder-column-0 fusion_builder_column_1_1 1_1 fusion-flex-column fusion-flex-align-self-flex-start\" style=\"--awb-bg-size:cover;--awb-width-large:100%;--awb-margin-top-large:0px;--awb-spacing-right-large:1.92%;--awb-margin-bottom-large:0px;--awb-spacing-left-large:1.92%;--awb-width-medium:100%;--awb-order-medium:0;--awb-spacing-right-medium:1.92%;--awb-spacing-left-medium:1.92%;--awb-width-small:100%;--awb-order-small:0;--awb-spacing-right-small:1.92%;--awb-spacing-left-small:1.92%;\"><div class=\"fusion-column-wrapper fusion-column-has-shadow fusion-flex-justify-content-flex-start fusion-content-layout-row fusion-content-nowrap\">\n<div class=\"fusion-slider-revolution rev_slider_wrapper\">\t\t\t<!-- START Uvodnik REVOLUTION SLIDER 6.7.18 --><p class=\"rs-p-wp-fix\"><\/p>\n\t\t\t<rs-module-wrap id=\"rev_slider_6_1_wrapper\" data-source=\"gallery\" style=\"visibility:hidden;background:transparent;padding:0;\">\n\t\t\t\t<rs-module id=\"rev_slider_6_1\" style=\"\" data-version=\"6.7.18\">\n\t\t\t\t\t<rs-slides style=\"overflow: hidden; position: absolute;\">\n\t\t\t\t\t\t<rs-slide style=\"position: absolute;\" data-key=\"rs-8\" data-title=\"Slide\" data-anim=\"adpr:false;ms:2710;\" data-in=\"o:0;\" data-out=\"a:false;\">\n\t\t\t\t\t\t\t<img decoding=\"async\" src=\"\/\/www.tacticalsolution.eu\/wp-content\/plugins\/revslider\/sr6\/assets\/assets\/dummy.png\" alt=\"Slide\" title=\"Uvod\" class=\"rev-slidebg tp-rs-img rs-lazyload\" data-lazyload=\"\/\/www.tacticalsolution.eu\/wp-content\/plugins\/revslider\/sr6\/assets\/assets\/transparent.png\" data-no-retina>\n<!--\n\t\t\t\t\t\t\t--><rs-layer\n\t\t\t\t\t\t\t\tid=\"slider-6-slide-8-layer-4\" \n\t\t\t\t\t\t\t\tdata-type=\"image\"\n\t\t\t\t\t\t\t\tdata-rsp_ch=\"on\"\n\t\t\t\t\t\t\t\tdata-xy=\"x:c;xo:0,11px,-3px,22px;y:m;yo:0,0,-2px,2px;\"\n\t\t\t\t\t\t\t\tdata-text=\"w:normal;\"\n\t\t\t\t\t\t\t\tdata-dim=\"w:1330px,1098px,1001px,803px;h:1330px,1098px,1000.99267578125px,803px;\"\n\t\t\t\t\t\t\t\tdata-basealign=\"slide\"\n\t\t\t\t\t\t\t\tdata-frame_1=\"sp:1850;\"\n\t\t\t\t\t\t\t\tdata-frame_999=\"o:0;st:w;sR:7150;\"\n\t\t\t\t\t\t\t\tstyle=\"z-index:9;\"\n\t\t\t\t\t\t\t><img decoding=\"async\" src=\"\/\/www.tacticalsolution.eu\/wp-content\/plugins\/revslider\/sr6\/assets\/assets\/dummy.png\" alt=\"\" class=\"tp-rs-img rs-lazyload\" width=\"2560\" height=\"2560\" data-lazyload=\"\/\/www.tacticalsolution.eu\/wp-content\/uploads\/2021\/03\/Triangul-151515-2-scaled.jpg\" data-no-retina> \n\t\t\t\t\t\t\t<\/rs-layer><!--\n\n\t\t\t\t\t\t\t--><a\n\t\t\t\t\t\t\t\tid=\"slider-6-slide-8-layer-11\" \n\t\t\t\t\t\t\t\tclass=\"rs-layer rev-btn\"\n\t\t\t\t\t\t\t\thref=\"\/cs\/kdo-jsme\" target=\"_self\"\n\t\t\t\t\t\t\t\tdata-type=\"button\"\n\t\t\t\t\t\t\t\tdata-color=\"#8e8e93\"\n\t\t\t\t\t\t\t\tdata-rsp_ch=\"on\"\n\t\t\t\t\t\t\t\tdata-xy=\"xo:338px,279px,151px,81px;yo:603px,507px,621px,505px;\"\n\t\t\t\t\t\t\t\tdata-text=\"w:normal;l:40,33,25,15;fw:500;\"\n\t\t\t\t\t\t\t\tdata-dim=\"minh:0px,none,none,none;\"\n\t\t\t\t\t\t\t\tdata-padding=\"t:20,17,13,8;r:40,33,25,15;b:10,8,6,4;l:40,33,25,15;\"\n\t\t\t\t\t\t\t\tdata-border=\"bos:solid;boc:rgba(142, 142, 147, 0);bow:1px,0px,0px,0px;\"\n\t\t\t\t\t\t\t\tdata-frame_0=\"x:-191px,-157px,-120px,-65px;\"\n\t\t\t\t\t\t\t\tdata-frame_1=\"st:890;sp:1640;sR:890;\"\n\t\t\t\t\t\t\t\tdata-frame_999=\"o:0;st:w;sR:6470;\"\n\t\t\t\t\t\t\t\tdata-frame_hover=\"c:#ffcc00;bgc:rgba(0,0,0,0);boc:#ffcc00;bor:0px,0px,0px,0px;bos:solid;bow:1px,0px,0px,0px;e:power1.inOut;bri:100%;blu:0px;\"\n\t\t\t\t\t\t\t\tstyle=\"z-index:11;background-color:rgba(0,0,0,0);font-family:'Oxanium';\"\n\t\t\t\t\t\t\t>Kdo jsme \n\t\t\t\t\t\t\t<\/a><!--\n\n\t\t\t\t\t\t\t--><a\n\t\t\t\t\t\t\t\tid=\"slider-6-slide-8-layer-12\" \n\t\t\t\t\t\t\t\tclass=\"rs-layer rev-btn\"\n\t\t\t\t\t\t\t\thref=\"\/cs\/kontakt\" target=\"_self\"\n\t\t\t\t\t\t\t\tdata-type=\"button\"\n\t\t\t\t\t\t\t\tdata-color=\"#8e8e93\"\n\t\t\t\t\t\t\t\tdata-rsp_ch=\"on\"\n\t\t\t\t\t\t\t\tdata-xy=\"xo:747px,618px,506px,313px;yo:603px,507px,621px,505px;\"\n\t\t\t\t\t\t\t\tdata-text=\"w:normal;l:40,33,25,15;fw:500;\"\n\t\t\t\t\t\t\t\tdata-dim=\"minh:0px,none,none,none;\"\n\t\t\t\t\t\t\t\tdata-padding=\"t:20,17,13,8;r:40,33,25,15;b:10,8,6,4;l:40,33,25,15;\"\n\t\t\t\t\t\t\t\tdata-border=\"bos:solid;boc:rgba(142, 142, 147, 0);bow:1px,0px,0px,0px;\"\n\t\t\t\t\t\t\t\tdata-frame_0=\"x:190px,156px,120px,65px;\"\n\t\t\t\t\t\t\t\tdata-frame_1=\"st:890;sp:1640;sR:890;\"\n\t\t\t\t\t\t\t\tdata-frame_999=\"o:0;st:w;sR:6470;\"\n\t\t\t\t\t\t\t\tdata-frame_hover=\"c:#ffcc00;bgc:rgba(0,0,0,0);boc:#ffcc00;bor:0px,0px,0px,0px;bos:solid;bow:1px,0px,0px,0px;e:power1.inOut;\"\n\t\t\t\t\t\t\t\tstyle=\"z-index:13;background-color:rgba(0,0,0,0);font-family:'Oxanium';\"\n\t\t\t\t\t\t\t>Kontakt \n\t\t\t\t\t\t\t<\/a><!--\n\n\t\t\t\t\t\t\t--><a\n\t\t\t\t\t\t\t\tid=\"slider-6-slide-8-layer-13\" \n\t\t\t\t\t\t\t\tclass=\"rs-layer rev-btn\"\n\t\t\t\t\t\t\t\thref=\"\/en\/\" target=\"_self\"\n\t\t\t\t\t\t\t\tdata-type=\"button\"\n\t\t\t\t\t\t\t\tdata-color=\"#8e8e93\"\n\t\t\t\t\t\t\t\tdata-rsp_ch=\"on\"\n\t\t\t\t\t\t\t\tdata-xy=\"x:l,c,c,c;xo:561px,0,0,0;y:t,m,m,m;yo:723px,254px,305px,260px;\"\n\t\t\t\t\t\t\t\tdata-text=\"w:normal;s:16,13,15,12;l:40,33,25,15;fw:500;\"\n\t\t\t\t\t\t\t\tdata-dim=\"minh:0px,none,none,none;\"\n\t\t\t\t\t\t\t\tdata-padding=\"t:20,17,13,8;r:40,33,25,15;b:10,8,6,4;l:40,33,25,15;\"\n\t\t\t\t\t\t\t\tdata-border=\"bos:solid;boc:rgba(142, 142, 147, 0);bow:0px,0px,1px,0px;\"\n\t\t\t\t\t\t\t\tdata-frame_1=\"st:2040;sp:990;sR:2040;\"\n\t\t\t\t\t\t\t\tdata-frame_999=\"o:0;st:w;sR:5970;\"\n\t\t\t\t\t\t\t\tdata-frame_hover=\"c:#ffcc00;bgc:rgba(0,0,0,0);boc:#ffcc00;bor:0px,0px,0px,0px;bos:solid;bow:0px,0px,1px,0px;e:power1.inOut;\"\n\t\t\t\t\t\t\t\tstyle=\"z-index:10;background-color:rgba(0,0,0,0);font-family:'Oxanium';\"\n\t\t\t\t\t\t\t>EN \n\t\t\t\t\t\t\t<\/a><!--\n\n\t\t\t\t\t\t\t--><rs-layer\n\t\t\t\t\t\t\t\tid=\"slider-6-slide-8-layer-14\" \n\t\t\t\t\t\t\t\tdata-type=\"shape\"\n\t\t\t\t\t\t\t\tdata-rsp_ch=\"on\"\n\t\t\t\t\t\t\t\tdata-xy=\"x:l,l,c,c;xo:316px,260px,0,0;yo:690px,571px,715px,561px;\"\n\t\t\t\t\t\t\t\tdata-text=\"w:normal;\"\n\t\t\t\t\t\t\t\tdata-dim=\"w:614px,507px,582.996337890625px,339px;h:18.992645263671875px,16px,12px,16.988967895507812px;\"\n\t\t\t\t\t\t\t\tdata-border=\"bos:dotted;boc:rgba(142, 142, 147, 0.5);bow:1px,0,0,0;\"\n\t\t\t\t\t\t\t\tdata-frame_1=\"st:2040;sp:1000;sR:2040;\"\n\t\t\t\t\t\t\t\tdata-frame_999=\"o:0;st:w;sR:5960;\"\n\t\t\t\t\t\t\t\tstyle=\"z-index:14;background-color:rgba(0,0,0,0);\"\n\t\t\t\t\t\t\t> \n\t\t\t\t\t\t\t<\/rs-layer><!--\n\n\t\t\t\t\t\t\t--><a\n\t\t\t\t\t\t\t\tid=\"slider-6-slide-8-layer-15\" \n\t\t\t\t\t\t\t\tclass=\"rs-layer rev-btn\"\n\t\t\t\t\t\t\t\thref=\"\/cs\/sluzby\" target=\"_self\"\n\t\t\t\t\t\t\t\tdata-type=\"button\"\n\t\t\t\t\t\t\t\tdata-color=\"#8e8e93\"\n\t\t\t\t\t\t\t\tdata-rsp_ch=\"on\"\n\t\t\t\t\t\t\t\tdata-xy=\"xo:543px,455px,334px,205px;yo:603px,507px,621px,505px;\"\n\t\t\t\t\t\t\t\tdata-text=\"w:normal;l:40,33,25,15;fw:500;\"\n\t\t\t\t\t\t\t\tdata-dim=\"minh:0px,none,none,none;\"\n\t\t\t\t\t\t\t\tdata-padding=\"t:20,17,13,8;r:40,33,25,15;b:10,8,6,4;l:40,33,25,15;\"\n\t\t\t\t\t\t\t\tdata-border=\"bos:solid;boc:rgba(142, 142, 147, 0);bow:1px,0px,0px,0px;\"\n\t\t\t\t\t\t\t\tdata-frame_1=\"st:890;sp:1640;sR:890;\"\n\t\t\t\t\t\t\t\tdata-frame_999=\"o:0;st:w;sR:6470;\"\n\t\t\t\t\t\t\t\tdata-frame_hover=\"c:#ffcc00;bgc:rgba(0,0,0,0);boc:#ffcc00;bor:0px,0px,0px,0px;bos:solid;bow:1px,0px,0px,0px;e:power1.inOut;\"\n\t\t\t\t\t\t\t\tstyle=\"z-index:12;background-color:rgba(0,0,0,0);font-family:'Oxanium';\"\n\t\t\t\t\t\t\t>Slu\u017eby \n\t\t\t\t\t\t\t<\/a><!--\n\n\t\t\t\t\t\t\t--><rs-layer\n\t\t\t\t\t\t\t\tid=\"slider-6-slide-8-layer-16\" \n\t\t\t\t\t\t\t\tdata-type=\"shape\"\n\t\t\t\t\t\t\t\tdata-rsp_ch=\"on\"\n\t\t\t\t\t\t\t\tdata-xy=\"x:c;y:m;\"\n\t\t\t\t\t\t\t\tdata-text=\"w:normal;\"\n\t\t\t\t\t\t\t\tdata-dim=\"w:3522px,2908px,2209px,1362px;h:2228px,1839px,1397px,861px;\"\n\t\t\t\t\t\t\t\tdata-frame_1=\"sp:50;\"\n\t\t\t\t\t\t\t\tdata-frame_999=\"o:0;st:w;sR:8950;\"\n\t\t\t\t\t\t\t\tstyle=\"z-index:8;background-color:#0f0f0f;\"\n\t\t\t\t\t\t\t> \n\t\t\t\t\t\t\t<\/rs-layer><!--\n-->\t\t\t\t\t<\/rs-slide>\n\t\t\t\t\t<\/rs-slides>\n\t\t\t\t<\/rs-module>\n\t\t\t\t<script>\n\t\t\t\t\tsetREVStartSize({c: 'rev_slider_6_1',rl:[1240,1024,778,480],el:[900,768,960,720],gw:[1240,1024,778,480],gh:[900,768,960,720],type:'standard',justify:'',layout:'fullscreen',offsetContainer:'',offset:'',mh:\"0\"});if (window.RS_MODULES!==undefined && window.RS_MODULES.modules!==undefined && window.RS_MODULES.modules[\"revslider61\"]!==undefined) {window.RS_MODULES.modules[\"revslider61\"].once = false;window.revapi6 = undefined;if (window.RS_MODULES.checkMinimal!==undefined) window.RS_MODULES.checkMinimal()}\n\t\t\t\t<\/script>\n\t\t\t<\/rs-module-wrap>\n\t\t\t<!-- END REVOLUTION SLIDER -->\n<\/div><\/div><\/div><\/div><\/div>\n","protected":false},"excerpt":{"rendered":"","protected":false},"author":1,"featured_media":0,"parent":0,"menu_order":0,"comment_status":"closed","ping_status":"open","template":"100-width.php","meta":{"footnotes":""},"class_list":["post-2256","page","type-page","status-publish","hentry"],"yoast_head":"<!-- This site is optimized with the Yoast SEO plugin v25.6 - https:\/\/yoast.com\/wordpress\/plugins\/seo\/ -->\n<title>TACTICAL SOLUTION - Your private team of special forces ex-operators<\/title>\n<meta name=\"description\" content=\"Jsme t\u00fdm p\u0159ev\u00e1\u017en\u011b ex-operativc\u016f speci\u00e1ln\u00edch sil, kte\u0159\u00ed jsou pro v\u00e1s p\u0159ipraveni plnit \u00fakoly vysok\u00e9 citlivosti a n\u00e1ro\u010dnosti.\" \/>\n<meta name=\"robots\" content=\"index, follow, max-snippet:-1, max-image-preview:large, max-video-preview:-1\" \/>\n<link rel=\"canonical\" href=\"https:\/\/www.tacticalsolution.eu\/cs\/\" \/>\n<meta property=\"og:locale\" content=\"cs_CZ\" \/>\n<meta property=\"og:locale:alternate\" content=\"en_US\" \/>\n<meta property=\"og:type\" content=\"article\" \/>\n<meta property=\"og:title\" content=\"TACTICAL SOLUTION - Your private team of special forces ex-operators\" \/>\n<meta property=\"og:description\" content=\"We are a team of mostly special forces ex-operators ready to take on tasks of extreme sensitivity and importance for you.\" \/>\n<meta property=\"og:url\" content=\"https:\/\/www.tacticalsolution.eu\/cs\/\" \/>\n<meta property=\"og:site_name\" content=\"TACTICAL SOLUTION\" \/>\n<meta property=\"article:modified_time\" content=\"2023-03-01T14:59:36+00:00\" \/>\n<meta name=\"twitter:card\" content=\"summary_large_image\" \/>\n<meta name=\"twitter:label1\" content=\"Odhadovan\u00e1 doba \u010dten\u00ed\" \/>\n\t<meta name=\"twitter:data1\" content=\"3 minuty\" \/>\n<script type=\"application\/ld+json\" class=\"yoast-schema-graph\">{\"@context\":\"https:\/\/schema.org\",\"@graph\":[{\"@type\":\"WebPage\",\"@id\":\"https:\/\/www.tacticalsolution.eu\/en\/\",\"url\":\"https:\/\/www.tacticalsolution.eu\/en\/\",\"name\":\"TACTICAL SOLUTION - Your private team of special forces ex-operators\",\"isPartOf\":{\"@id\":\"https:\/\/www.tacticalsolution.eu\/cs\/#website\"},\"datePublished\":\"2021-03-19T14:06:25+00:00\",\"dateModified\":\"2023-03-01T14:59:36+00:00\",\"description\":\"We are a team of mostly special forces ex-operators ready to take on tasks of extreme sensitivity and importance for you.\",\"breadcrumb\":{\"@id\":\"https:\/\/www.tacticalsolution.eu\/en\/#breadcrumb\"},\"inLanguage\":\"cs-CZ\",\"potentialAction\":[{\"@type\":\"ReadAction\",\"target\":[\"https:\/\/www.tacticalsolution.eu\/en\/\"]}]},{\"@type\":\"BreadcrumbList\",\"@id\":\"https:\/\/www.tacticalsolution.eu\/en\/#breadcrumb\",\"itemListElement\":[{\"@type\":\"ListItem\",\"position\":1,\"name\":\"Dom\u016f\",\"item\":\"https:\/\/www.tacticalsolution.eu\/en\/\"},{\"@type\":\"ListItem\",\"position\":2,\"name\":\"Home\"}]},{\"@type\":\"WebSite\",\"@id\":\"https:\/\/www.tacticalsolution.eu\/cs\/#website\",\"url\":\"https:\/\/www.tacticalsolution.eu\/cs\/\",\"name\":\"TACTICAL SOLUTION\",\"description\":\"V\u00e1\u0161 soukrom\u00fd t\u00fdm specialist\u016f\",\"publisher\":{\"@id\":\"https:\/\/www.tacticalsolution.eu\/cs\/#organization\"},\"potentialAction\":[{\"@type\":\"SearchAction\",\"target\":{\"@type\":\"EntryPoint\",\"urlTemplate\":\"https:\/\/www.tacticalsolution.eu\/cs\/?s={search_term_string}\"},\"query-input\":{\"@type\":\"PropertyValueSpecification\",\"valueRequired\":true,\"valueName\":\"search_term_string\"}}],\"inLanguage\":\"cs-CZ\"},{\"@type\":\"Organization\",\"@id\":\"https:\/\/www.tacticalsolution.eu\/cs\/#organization\",\"name\":\"Tactical Solution\",\"url\":\"https:\/\/www.tacticalsolution.eu\/cs\/\",\"logo\":{\"@type\":\"ImageObject\",\"inLanguage\":\"cs-CZ\",\"@id\":\"https:\/\/www.tacticalsolution.eu\/cs\/#\/schema\/logo\/image\/\",\"url\":\"https:\/\/www.tacticalsolution.eu\/wp-content\/uploads\/2021\/03\/Logo-faicon-17.png\",\"contentUrl\":\"https:\/\/www.tacticalsolution.eu\/wp-content\/uploads\/2021\/03\/Logo-faicon-17.png\",\"width\":512,\"height\":512,\"caption\":\"Tactical Solution\"},\"image\":{\"@id\":\"https:\/\/www.tacticalsolution.eu\/cs\/#\/schema\/logo\/image\/\"}}]}<\/script>\n<!-- \/ Yoast SEO plugin. -->","yoast_head_json":{"title":"TACTICAL SOLUTION - Your private team of special forces ex-operators","description":"Jsme t\u00fdm p\u0159ev\u00e1\u017en\u011b ex-operativc\u016f speci\u00e1ln\u00edch sil, kte\u0159\u00ed jsou pro v\u00e1s p\u0159ipraveni plnit \u00fakoly vysok\u00e9 citlivosti a n\u00e1ro\u010dnosti.","robots":{"index":"index","follow":"follow","max-snippet":"max-snippet:-1","max-image-preview":"max-image-preview:large","max-video-preview":"max-video-preview:-1"},"canonical":"https:\/\/www.tacticalsolution.eu\/cs\/","og_locale":"cs_CZ","og_type":"article","og_title":"TACTICAL SOLUTION - Your private team of special forces ex-operators","og_description":"We are a team of mostly special forces ex-operators ready to take on tasks of extreme sensitivity and importance for you.","og_url":"https:\/\/www.tacticalsolution.eu\/cs\/","og_site_name":"TACTICAL SOLUTION","article_modified_time":"2023-03-01T14:59:36+00:00","twitter_card":"summary_large_image","twitter_misc":{"Odhadovan\u00e1 doba \u010dten\u00ed":"3 minuty"},"schema":{"@context":"https:\/\/schema.org","@graph":[{"@type":"WebPage","@id":"https:\/\/www.tacticalsolution.eu\/en\/","url":"https:\/\/www.tacticalsolution.eu\/en\/","name":"TACTICAL SOLUTION - Your private team of special forces ex-operators","isPartOf":{"@id":"https:\/\/www.tacticalsolution.eu\/cs\/#website"},"datePublished":"2021-03-19T14:06:25+00:00","dateModified":"2023-03-01T14:59:36+00:00","description":"We are a team of mostly special forces ex-operators ready to take on tasks of extreme sensitivity and importance for you.","breadcrumb":{"@id":"https:\/\/www.tacticalsolution.eu\/en\/#breadcrumb"},"inLanguage":"cs-CZ","potentialAction":[{"@type":"ReadAction","target":["https:\/\/www.tacticalsolution.eu\/en\/"]}]},{"@type":"BreadcrumbList","@id":"https:\/\/www.tacticalsolution.eu\/en\/#breadcrumb","itemListElement":[{"@type":"ListItem","position":1,"name":"Dom\u016f","item":"https:\/\/www.tacticalsolution.eu\/en\/"},{"@type":"ListItem","position":2,"name":"Home"}]},{"@type":"WebSite","@id":"https:\/\/www.tacticalsolution.eu\/cs\/#website","url":"https:\/\/www.tacticalsolution.eu\/cs\/","name":"TACTICAL SOLUTION","description":"V\u00e1\u0161 soukrom\u00fd t\u00fdm specialist\u016f","publisher":{"@id":"https:\/\/www.tacticalsolution.eu\/cs\/#organization"},"potentialAction":[{"@type":"SearchAction","target":{"@type":"EntryPoint","urlTemplate":"https:\/\/www.tacticalsolution.eu\/cs\/?s={search_term_string}"},"query-input":{"@type":"PropertyValueSpecification","valueRequired":true,"valueName":"search_term_string"}}],"inLanguage":"cs-CZ"},{"@type":"Organization","@id":"https:\/\/www.tacticalsolution.eu\/cs\/#organization","name":"Tactical Solution","url":"https:\/\/www.tacticalsolution.eu\/cs\/","logo":{"@type":"ImageObject","inLanguage":"cs-CZ","@id":"https:\/\/www.tacticalsolution.eu\/cs\/#\/schema\/logo\/image\/","url":"https:\/\/www.tacticalsolution.eu\/wp-content\/uploads\/2021\/03\/Logo-faicon-17.png","contentUrl":"https:\/\/www.tacticalsolution.eu\/wp-content\/uploads\/2021\/03\/Logo-faicon-17.png","width":512,"height":512,"caption":"Tactical Solution"},"image":{"@id":"https:\/\/www.tacticalsolution.eu\/cs\/#\/schema\/logo\/image\/"}}]}},"_links":{"self":[{"href":"https:\/\/www.tacticalsolution.eu\/cs\/wp-json\/wp\/v2\/pages\/2256"}],"collection":[{"href":"https:\/\/www.tacticalsolution.eu\/cs\/wp-json\/wp\/v2\/pages"}],"about":[{"href":"https:\/\/www.tacticalsolution.eu\/cs\/wp-json\/wp\/v2\/types\/page"}],"author":[{"embeddable":true,"href":"https:\/\/www.tacticalsolution.eu\/cs\/wp-json\/wp\/v2\/users\/1"}],"replies":[{"embeddable":true,"href":"https:\/\/www.tacticalsolution.eu\/cs\/wp-json\/wp\/v2\/comments?post=2256"}],"version-history":[{"count":8,"href":"https:\/\/www.tacticalsolution.eu\/cs\/wp-json\/wp\/v2\/pages\/2256\/revisions"}],"predecessor-version":[{"id":2402,"href":"https:\/\/www.tacticalsolution.eu\/cs\/wp-json\/wp\/v2\/pages\/2256\/revisions\/2402"}],"wp:attachment":[{"href":"https:\/\/www.tacticalsolution.eu\/cs\/wp-json\/wp\/v2\/media?parent=2256"}],"curies":[{"name":"wp","href":"https:\/\/api.w.org\/{rel}","templated":true}]}}